
{"id":13,"date":"2020-02-13T01:35:50","date_gmt":"2020-02-12T22:35:50","guid":{"rendered":"http:\/\/muratsakal.com\/?page_id=13"},"modified":"2023-11-05T20:37:11","modified_gmt":"2023-11-05T17:37:11","slug":"hakkimda","status":"publish","type":"page","link":"https:\/\/muratsakal.com\/?page_id=13","title":{"rendered":"Hakk\u0131mda"},"content":{"rendered":"\n<p style=\"font-size:23px\"><strong>K\u0131saca E\u011fitimim<\/strong>..<\/p>\n\n\n\n<p>\u0130zmir Atat\u00fcrk Lisesi&#8217;ni 1993 y\u0131l\u0131nda bitirdikten sonra, Mu\u011fla S\u0131tk\u0131 Ko\u00e7man \u00dcniversitesi&#8217;nde lisans (1999) ve y\u00fcksek lisanslar\u0131m\u0131 \u0130statistik ve Bilgisayar Bilimleri (2006) ve \u0130statistik (2014) b\u00f6l\u00fcmlerinde tamamlad\u0131m. <\/p>\n\n\n\n<p>Temel uzmanl\u0131\u011f\u0131m bilgisayar ve istatistik iken, teknolojinin geli\u015fmesine paralel de\u011fi\u015fim g\u00f6steren b\u00f6l\u00fcmlerden &#8220;Y\u00f6netim Bili\u015fim Sistemleri&#8217;ne&#8221; ilgi duymaya ba\u015flamam sebebiyle,  Y\u00f6netim ve Organizasyon alan\u0131nda doktora e\u011fitimi (2020), onunla beraber ikinci lisans e\u011fitimimi Anadolu \u00dcniversitesi Y\u00f6netim Bili\u015fim Sistemleri (2020) b\u00f6l\u00fcm\u00fcnde tamamlad\u0131m.<\/p>\n\n\n<div class=\"wp-block-image\">\n<figure class=\"aligncenter size-large is-resized\"><img loading=\"lazy\" decoding=\"async\" width=\"1024\" height=\"742\" src=\"http:\/\/muratsakal.com\/wp-content\/uploads\/2020\/04\/20190907_190011-1024x742.jpg\" alt=\"\" class=\"wp-image-163\" style=\"width:366px;height:265px\" srcset=\"https:\/\/muratsakal.com\/wp-content\/uploads\/2020\/04\/20190907_190011-1024x742.jpg 1024w, https:\/\/muratsakal.com\/wp-content\/uploads\/2020\/04\/20190907_190011-300x217.jpg 300w, https:\/\/muratsakal.com\/wp-content\/uploads\/2020\/04\/20190907_190011-768x557.jpg 768w, https:\/\/muratsakal.com\/wp-content\/uploads\/2020\/04\/20190907_190011-1536x1113.jpg 1536w, https:\/\/muratsakal.com\/wp-content\/uploads\/2020\/04\/20190907_190011-1200x870.jpg 1200w, https:\/\/muratsakal.com\/wp-content\/uploads\/2020\/04\/20190907_190011.jpg 1816w\" sizes=\"auto, (max-width: 709px) 85vw, (max-width: 909px) 67vw, (max-width: 1362px) 62vw, 840px\" \/><\/figure><\/div>\n\n\n<p style=\"font-size:23px\"><strong>K\u0131saca Deneyimim..<\/strong><\/p>\n\n\n\n<p>Veri bilimi, i\u015f zekas\u0131 uygulamalar\u0131n\u0131n yan\u0131nda bilgi y\u00f6netimi \u00f6ncelikli ilgi alanlar\u0131mdand\u0131r. Di\u011fer taraftan yakla\u015f\u0131k 8 y\u0131l mesai harcad\u0131\u011f\u0131m MSKU Uzaktan E\u011fitim Ara\u015ft\u0131rma ve Uygulama Merkezi&#8217;nde sistem sorumlusu ve e\u011fitmenli\u011fi \u00fczerine \u00e7al\u0131\u015fmalar\u0131m bulunmaktad\u0131r. 2001  &#8211; 2023 y\u0131llar\u0131 aras\u0131nda MSKU Enformatik B\u00f6l\u00fcm\u00fc&#8217;nde bilgi ve ileti\u015fim teknolojileri ile ilgili dersler verdikten sonra 2023 Ekim aynda MSKU Teknoloji Fak\u00fcltesi Bili\u015fim Sistemleri M\u00fchendisli\u011fi b\u00f6l\u00fcm\u00fcne doktor \u00f6\u011fretim \u00fcyesi olarak atand\u0131m . Ki\u015fisel ve kurumsal ortamlarda, i\u00e7eri\u011fi; yaz\u0131l\u0131m geli\u015ftirme, istatistiksel analiz ve bilgi y\u00f6netimi olan projelerde ara\u015ft\u0131rmac\u0131 veya e\u011fitmen olarak aktif g\u00f6rev ald\u0131m. <\/p>\n\n\n\n<p style=\"font-size:23px\"><strong>\u015eu an ki Meraklar\u0131m..<\/strong><\/p>\n\n\n\n<p>\u0130statistiksel analiz,  dijital d\u00f6n\u00fc\u015f\u00fcm, i\u015f zekas\u0131 \u00e7\u00f6z\u00fcmleri ve siber g\u00fcvenlik ilgi duydu\u011fum alanlar i\u00e7indedir.<\/p>\n","protected":false},"excerpt":{"rendered":"<p>K\u0131saca E\u011fitimim.. \u0130zmir Atat\u00fcrk Lisesi&#8217;ni 1993 y\u0131l\u0131nda bitirdikten sonra, Mu\u011fla S\u0131tk\u0131 Ko\u00e7man \u00dcniversitesi&#8217;nde lisans (1999) ve y\u00fcksek lisanslar\u0131m\u0131 \u0130statistik ve Bilgisayar Bilimleri (2006) ve \u0130statistik (2014) b\u00f6l\u00fcmlerinde tamamlad\u0131m. Temel uzmanl\u0131\u011f\u0131m bilgisayar ve istatistik iken, teknolojinin geli\u015fmesine paralel de\u011fi\u015fim g\u00f6steren b\u00f6l\u00fcmlerden &#8220;Y\u00f6netim Bili\u015fim Sistemleri&#8217;ne&#8221; ilgi duymaya ba\u015flamam sebebiyle, Y\u00f6netim ve Organizasyon alan\u0131nda doktora e\u011fitimi (2020), onunla &hellip; <a href=\"https:\/\/muratsakal.com\/?page_id=13\" class=\"more-link\">Okumaya devam et<span class=\"screen-reader-text\"> &#8220;Hakk\u0131mda&#8221;<\/span><\/a><\/p>\n","protected":false},"author":1,"featured_media":0,"parent":0,"menu_order":0,"comment_status":"closed","ping_status":"closed","template":"","meta":{"_monsterinsights_skip_tracking":false,"_monsterinsights_sitenote_active":false,"_monsterinsights_sitenote_note":"","_monsterinsights_sitenote_category":0,"footnotes":""},"class_list":["post-13","page","type-page","status-publish","hentry"],"jetpack_sharing_enabled":true,"_links":{"self":[{"href":"https:\/\/muratsakal.com\/index.php?rest_route=\/wp\/v2\/pages\/13","targetHints":{"allow":["GET"]}}],"collection":[{"href":"https:\/\/muratsakal.com\/index.php?rest_route=\/wp\/v2\/pages"}],"about":[{"href":"https:\/\/muratsakal.com\/index.php?rest_route=\/wp\/v2\/types\/page"}],"author":[{"embeddable":true,"href":"https:\/\/muratsakal.com\/index.php?rest_route=\/wp\/v2\/users\/1"}],"replies":[{"embeddable":true,"href":"https:\/\/muratsakal.com\/index.php?rest_route=%2Fwp%2Fv2%2Fcomments&post=13"}],"version-history":[{"count":27,"href":"https:\/\/muratsakal.com\/index.php?rest_route=\/wp\/v2\/pages\/13\/revisions"}],"predecessor-version":[{"id":569,"href":"https:\/\/muratsakal.com\/index.php?rest_route=\/wp\/v2\/pages\/13\/revisions\/569"}],"wp:attachment":[{"href":"https:\/\/muratsakal.com\/index.php?rest_route=%2Fwp%2Fv2%2Fmedia&parent=13"}],"curies":[{"name":"wp","href":"https:\/\/api.w.org\/{rel}","templated":true}]}}